{"id":11,"date":"2025-07-28T16:31:19","date_gmt":"2025-07-28T14:31:19","guid":{"rendered":"https:\/\/xn--flugfllan-z2a.se\/?page_id=11"},"modified":"2025-08-31T22:30:47","modified_gmt":"2025-08-31T20:30:47","slug":"kontakt","status":"publish","type":"page","link":"https:\/\/xn--flugfllan-z2a.se\/index.php\/kontakt\/","title":{"rendered":"Kontakt"},"content":{"rendered":"\n<p>Ordet &#8221;kontakt&#8221; kan betyda\u00a0en ber\u00f6ring eller en personlig f\u00f6rbindelse, som i att &#8221;ha kontakt&#8221; med n\u00e5gon.\u00a0Det kan ocks\u00e5 referera till en elektrisk anordning, som en\u00a0stickpropp eller ett v\u00e4gguttag,\u00a0som m\u00f6jligg\u00f6r elektrisk str\u00f6m mellan enheter.\u00a0Dessutom kan &#8221;kontakt&#8221; anv\u00e4ndas f\u00f6r att beskriva en personlig relation eller ett n\u00e4tverk av personer som kan ge tillg\u00e5ng till information eller tj\u00e4nster.<\/p>\n","protected":false},"excerpt":{"rendered":"<p>Ordet &#8221;kontakt&#8221; kan betyda\u00a0en ber\u00f6ring eller en personlig f\u00f6rbindelse, som i att &#8221;ha kontakt&#8221; med n\u00e5gon.\u00a0Det kan ocks\u00e5 referera till en elektrisk anordning, som en\u00a0stickpropp eller ett v\u00e4gguttag,\u00a0som m\u00f6jligg\u00f6r elektrisk str\u00f6m mellan enheter.\u00a0Dessutom kan &#8221;kontakt&#8221; anv\u00e4ndas f\u00f6r att beskriva en personlig relation eller ett n\u00e4tverk av personer som kan ge tillg\u00e5ng till information eller tj\u00e4nster.<\/p>\n","protected":false},"author":1,"featured_media":0,"parent":0,"menu_order":0,"comment_status":"closed","ping_status":"closed","template":"","meta":{"footnotes":""},"class_list":["post-11","page","type-page","status-publish","hentry"],"_links":{"self":[{"href":"https:\/\/xn--flugfllan-z2a.se\/index.php\/wp-json\/wp\/v2\/pages\/11","targetHints":{"allow":["GET"]}}],"collection":[{"href":"https:\/\/xn--flugfllan-z2a.se\/index.php\/wp-json\/wp\/v2\/pages"}],"about":[{"href":"https:\/\/xn--flugfllan-z2a.se\/index.php\/wp-json\/wp\/v2\/types\/page"}],"author":[{"embeddable":true,"href":"https:\/\/xn--flugfllan-z2a.se\/index.php\/wp-json\/wp\/v2\/users\/1"}],"replies":[{"embeddable":true,"href":"https:\/\/xn--flugfllan-z2a.se\/index.php\/wp-json\/wp\/v2\/comments?post=11"}],"version-history":[{"count":2,"href":"https:\/\/xn--flugfllan-z2a.se\/index.php\/wp-json\/wp\/v2\/pages\/11\/revisions"}],"predecessor-version":[{"id":523,"href":"https:\/\/xn--flugfllan-z2a.se\/index.php\/wp-json\/wp\/v2\/pages\/11\/revisions\/523"}],"wp:attachment":[{"href":"https:\/\/xn--flugfllan-z2a.se\/index.php\/wp-json\/wp\/v2\/media?parent=11"}],"curies":[{"name":"wp","href":"https:\/\/api.w.org\/{rel}","templated":true}]}}